{"id":4446,"date":"2020-03-03T09:56:24","date_gmt":"2020-03-03T09:56:24","guid":{"rendered":"https:\/\/haueter-kran.ch\/?page_id=4446"},"modified":"2020-03-03T09:56:24","modified_gmt":"2020-03-03T09:56:24","slug":"hookmaster","status":"publish","type":"page","link":"https:\/\/haueter-kran.ch\/fr\/produits\/joab-systemes-a-crochet\/hookmaster\/","title":{"rendered":"Hookmaster"},"content":{"rendered":"<div class=\"wpb-content-wrapper\"><p>[vc_row full_width=\u00a0\u00bbtrue\u00a0\u00bb bg_type=\u00a0\u00bbno_bg\u00a0\u00bb animation_direction=\u00a0\u00bbleft-animation\u00a0\u00bb animation_repeat=\u00a0\u00bbrepeat\u00a0\u00bb parallax_content_sense=\u00a0\u00bb30&Prime; fadeout_start_effect=\u00a0\u00bb30&Prime; overlay_pattern_opacity=\u00a0\u00bb80&Prime; multi_color_overlay_opacity=\u00a0\u00bb0.6&Prime; seperator_type=\u00a0\u00bbnone_seperator\u00a0\u00bb seperator_position=\u00a0\u00bbtop_seperator\u00a0\u00bb seperator_shape_size=\u00a0\u00bb40&Prime; seperator_svg_height=\u00a0\u00bb60&Prime; seperator_shape_background=\u00a0\u00bb#ffffff\u00a0\u00bb seperator_shape_border=\u00a0\u00bbnone\u00a0\u00bb seperator_shape_border_width=\u00a0\u00bb1&Prime; icon_type=\u00a0\u00bbno_icon\u00a0\u00bb icon_size=\u00a0\u00bb32&Prime; icon_style=\u00a0\u00bbnone\u00a0\u00bb icon_color_border=\u00a0\u00bb#333333&Prime; icon_border_size=\u00a0\u00bb1&Prime; icon_border_radius=\u00a0\u00bb500&Prime; icon_border_spacing=\u00a0\u00bb50&Prime; img_width=\u00a0\u00bb48&Prime; ult_hide_row_large_screen=\u00a0\u00bboff\u00a0\u00bb ult_hide_row_desktop=\u00a0\u00bboff\u00a0\u00bb ult_hide_row_tablet=\u00a0\u00bboff\u00a0\u00bb ult_hide_row_tablet_small=\u00a0\u00bboff\u00a0\u00bb ult_hide_row_mobile=\u00a0\u00bboff\u00a0\u00bb ult_hide_row_mobile_large=\u00a0\u00bboff\u00a0\u00bb][vc_column][vc_single_image image=\u00a0\u00bb3116&Prime; img_size=\u00a0\u00bbfull\u00a0\u00bb alignment=\u00a0\u00bbcenter\u00a0\u00bb][\/vc_column][\/vc_row][vc_row bg_type=\u00a0\u00bbno_bg\u00a0\u00bb css=\u00a0\u00bb.vc_custom_1424101242429{margin-top: 30px !important;}\u00a0\u00bb animation_direction=\u00a0\u00bbleft-animation\u00a0\u00bb animation_repeat=\u00a0\u00bbrepeat\u00a0\u00bb parallax_content_sense=\u00a0\u00bb30&Prime; fadeout_start_effect=\u00a0\u00bb30&Prime; overlay_pattern_opacity=\u00a0\u00bb80&Prime; multi_color_overlay_opacity=\u00a0\u00bb0.6&Prime; seperator_type=\u00a0\u00bbnone_seperator\u00a0\u00bb seperator_position=\u00a0\u00bbtop_seperator\u00a0\u00bb seperator_shape_size=\u00a0\u00bb40&Prime; seperator_svg_height=\u00a0\u00bb60&Prime; seperator_shape_background=\u00a0\u00bb#ffffff\u00a0\u00bb seperator_shape_border=\u00a0\u00bbnone\u00a0\u00bb seperator_shape_border_width=\u00a0\u00bb1&Prime; icon_type=\u00a0\u00bbno_icon\u00a0\u00bb icon_size=\u00a0\u00bb32&Prime; icon_style=\u00a0\u00bbnone\u00a0\u00bb icon_color_border=\u00a0\u00bb#333333&Prime; icon_border_size=\u00a0\u00bb1&Prime; icon_border_radius=\u00a0\u00bb500&Prime; icon_border_spacing=\u00a0\u00bb50&Prime; img_width=\u00a0\u00bb48&Prime; ult_hide_row_large_screen=\u00a0\u00bboff\u00a0\u00bb ult_hide_row_desktop=\u00a0\u00bboff\u00a0\u00bb ult_hide_row_tablet=\u00a0\u00bboff\u00a0\u00bb ult_hide_row_tablet_small=\u00a0\u00bboff\u00a0\u00bb ult_hide_row_mobile=\u00a0\u00bboff\u00a0\u00bb ult_hide_row_mobile_large=\u00a0\u00bboff\u00a0\u00bb][vc_column][vc_column_text]<\/p>\n<div class=\"page-title-wrapper\">\n<div class=\"page-title-captions\">\n<h1 class=\"entry-title\">JOAB syst\u00e8mes \u00e0 crochet<\/h1>\n<\/div>\n<\/div>\n<p>[\/vc_column_text][vc_column_text]Nous sommes importateur officiel pour la Suisse et \u00e0 votre disposition.[\/vc_column_text][\/vc_column][\/vc_row][vc_row bg_type=\u00a0\u00bbno_bg\u00a0\u00bb css=\u00a0\u00bb.vc_custom_1426782565415{margin-top: 30px !important;padding-bottom: 80px !important;}\u00a0\u00bb animation_direction=\u00a0\u00bbleft-animation\u00a0\u00bb animation_repeat=\u00a0\u00bbrepeat\u00a0\u00bb parallax_content_sense=\u00a0\u00bb30&Prime; fadeout_start_effect=\u00a0\u00bb30&Prime; overlay_pattern_opacity=\u00a0\u00bb80&Prime; multi_color_overlay_opacity=\u00a0\u00bb0.6&Prime; seperator_type=\u00a0\u00bbnone_seperator\u00a0\u00bb seperator_position=\u00a0\u00bbtop_seperator\u00a0\u00bb seperator_shape_size=\u00a0\u00bb40&Prime; seperator_svg_height=\u00a0\u00bb60&Prime; seperator_shape_background=\u00a0\u00bb#ffffff\u00a0\u00bb seperator_shape_border=\u00a0\u00bbnone\u00a0\u00bb seperator_shape_border_width=\u00a0\u00bb1&Prime; icon_type=\u00a0\u00bbno_icon\u00a0\u00bb icon_size=\u00a0\u00bb32&Prime; icon_style=\u00a0\u00bbnone\u00a0\u00bb icon_color_border=\u00a0\u00bb#333333&Prime; icon_border_size=\u00a0\u00bb1&Prime; icon_border_radius=\u00a0\u00bb500&Prime; icon_border_spacing=\u00a0\u00bb50&Prime; img_width=\u00a0\u00bb48&Prime; ult_hide_row_large_screen=\u00a0\u00bboff\u00a0\u00bb ult_hide_row_desktop=\u00a0\u00bboff\u00a0\u00bb ult_hide_row_tablet=\u00a0\u00bboff\u00a0\u00bb ult_hide_row_tablet_small=\u00a0\u00bboff\u00a0\u00bb ult_hide_row_mobile=\u00a0\u00bboff\u00a0\u00bb ult_hide_row_mobile_large=\u00a0\u00bboff\u00a0\u00bb][vc_column][vc_column_text]<\/p>\n<h2>Hookmaster<\/h2>\n<p>[\/vc_column_text][vc_separator][vc_empty_space height=\u00a0\u00bb30px\u00a0\u00bb][vc_row_inner][vc_column_inner width=\u00a0\u00bb4\/12&Prime;][vc_images_carousel images=\u00a0\u00bb3190,3191,3192,3193&Prime; img_size=\u00a0\u00bbfull\u00a0\u00bb onclick=\u00a0\u00bblink_no\u00a0\u00bb autoplay=\u00a0\u00bbyes\u00a0\u00bb wrap=\u00a0\u00bbyes\u00a0\u00bb][\/vc_column_inner][vc_column_inner width=\u00a0\u00bb6\/12&Prime;][vc_column_text]<\/p>\n<h3 class=\"product_title entry-title\">Hookmaster<\/h3>\n<p>Le nouveau concept Hookmaster introduit les bras de levage dans une nouvelle \u00e8re. Sa polyvalence accrue, conf\u00e9r\u00e9e par ses caract\u00e9ristiques uniques, ouvre aux bras de levage de nouveaux champs d&rsquo;application d\u00e9passant la port\u00e9e des bras conventionnels. Exempte de pi\u00e8ces d&rsquo;usure (cha\u00eenes, rails, etc.), la nouvelle technologie garantit des co\u00fbts de maintenance r\u00e9duits et un taux d&rsquo;utilisation am\u00e9lior\u00e9. Avec Hookmaster, JOAB propose une gamme compl\u00e8te de bras de levage con\u00e7us pour tous les besoins du transport routier.<\/p>\n<ul>\n<li>Capacit\u00e9 de levage et d&rsquo;inclinaison de 17, 20 et 25\u00a0tonnes m\u00e9triques<\/li>\n<li>Conception adapt\u00e9e aux ch\u00e2ssis \u00e0 2, 3 et 4\u00a0axes<\/li>\n<li>Conforme aux normes SMS et DIN, la hauteur du crochet s&rsquo;adapte \u00e0 la majorit\u00e9 des ch\u00e2ssis de bras de levage disponibles sur le march\u00e9.<\/li>\n<li>Hauteur de montage r\u00e9duite (178\u00a0mm)<\/li>\n<li>En standard, Hookmaster dispose d&rsquo;un angle d&rsquo;inclinaison de 55\u00a0degr\u00e9s.<\/li>\n<li>La position verticale (93\u00a0degr\u00e9s) et le levage en dessous du niveau du sol sont disponibles en option.<\/li>\n<li>La potence pliable offre une hauteur sous plafond et un angle de levage restreints, et r\u00e9duit le risque d&rsquo;un d\u00e9placement de charge.<\/li>\n<li>En standard, le crochet dispose d&rsquo;un dispositif de s\u00e9curit\u00e9.<\/li>\n<li>R\u00e9sistance \u00e9lev\u00e9e pour une force accrue et une dur\u00e9e de vie prolong\u00e9e<\/li>\n<li>Gamme d&rsquo;options \u00e9tendue pour l&rsquo;adaptation du produit \u00e0 vos besoins<\/li>\n<li>Partie de notre concept de construction \u00ab\u00a0FBS\u00a0\u00bb, lequel comprend des produits r\u00e9sistants \u00e0 la corrosion (pr\u00e9-peints \u00e0 l&rsquo;assemblage) Le concept FBS permet \u00e9galement d&rsquo;obtenir des d\u00e9lais de mise en \u0153uvre raccourcis.<\/li>\n<li>En tant que client, vous pourrez b\u00e9n\u00e9ficier de ce produit pendant de nombreuses ann\u00e9es.<\/li>\n<\/ul>\n<p>[\/vc_column_text][\/vc_column_inner][vc_column_inner width=\u00a0\u00bb2\/12&Prime;][vc_column_text]<strong>PDF Downloads<br \/>\n<\/strong><a href=\"https:\/\/haueter-kran.ch\/wp-content\/uploads\/2017\/03\/Prospekt-JOAB-HookMaster-DE.pdf\" target=\"_blank\" rel=\"noopener noreferrer\">Produkte\u00fcbersicht<\/a>[\/vc_column_text][\/vc_column_inner][\/vc_row_inner][vc_empty_space height=\u00a0\u00bb30px\u00a0\u00bb][vc_separator][\/vc_column][\/vc_row][vc_row bg_type=\u00a0\u00bbbg_color\u00a0\u00bb bg_override=\u00a0\u00bbfull\u00a0\u00bb css=\u00a0\u00bb.vc_custom_1426696976288{padding-top: 80px !important;padding-bottom: 80px !important;}\u00a0\u00bb animation_direction=\u00a0\u00bbleft-animation\u00a0\u00bb animation_repeat=\u00a0\u00bbrepeat\u00a0\u00bb parallax_content_sense=\u00a0\u00bb30&Prime; fadeout_start_effect=\u00a0\u00bb30&Prime; overlay_pattern_opacity=\u00a0\u00bb80&Prime; multi_color_overlay_opacity=\u00a0\u00bb0.6&Prime; seperator_type=\u00a0\u00bbnone_seperator\u00a0\u00bb seperator_position=\u00a0\u00bbtop_seperator\u00a0\u00bb seperator_shape_size=\u00a0\u00bb40&Prime; seperator_svg_height=\u00a0\u00bb60&Prime; seperator_shape_background=\u00a0\u00bb#ffffff\u00a0\u00bb seperator_shape_border=\u00a0\u00bbnone\u00a0\u00bb seperator_shape_border_width=\u00a0\u00bb1&Prime; icon_type=\u00a0\u00bbno_icon\u00a0\u00bb icon_size=\u00a0\u00bb32&Prime; icon_style=\u00a0\u00bbnone\u00a0\u00bb icon_color_border=\u00a0\u00bb#333333&Prime; icon_border_size=\u00a0\u00bb1&Prime; icon_border_radius=\u00a0\u00bb500&Prime; icon_border_spacing=\u00a0\u00bb50&Prime; img_width=\u00a0\u00bb48&Prime; ult_hide_row_large_screen=\u00a0\u00bboff\u00a0\u00bb ult_hide_row_desktop=\u00a0\u00bboff\u00a0\u00bb ult_hide_row_tablet=\u00a0\u00bboff\u00a0\u00bb ult_hide_row_tablet_small=\u00a0\u00bboff\u00a0\u00bb ult_hide_row_mobile=\u00a0\u00bboff\u00a0\u00bb ult_hide_row_mobile_large=\u00a0\u00bboff\u00a0\u00bb bg_color_value=\u00a0\u00bb#eaeaea\u00a0\u00bb][vc_column width=\u00a0\u00bb1\/2&Prime;][vc_column_text]<\/p>\n<h3><del><\/del>Fabricant<\/h3>\n<p>[\/vc_column_text][vc_row_inner css=\u00a0\u00bb.vc_custom_1491997390021{margin-top: 15px !important;}\u00a0\u00bb][vc_column_inner width=\u00a0\u00bb1\/3&Prime;][vc_column_text]JOAB F\u00f6rs\u00e4ljnings AB<br \/>\n\u00d6sterg\u00e4rde Industriomr\u00e5de<br \/>\nSE-417 29 G\u00f6teborg<br \/>\nSweden[\/vc_column_text][\/vc_column_inner][vc_column_inner width=\u00a0\u00bb1\/3&Prime;][vc_btn title=\u00a0\u00bbWebsite\u00a0\u00bb shape=\u00a0\u00bbsquare\u00a0\u00bb color=\u00a0\u00bbwhite\u00a0\u00bb link=\u00a0\u00bburl:http%3A%2F%2Fwww.joab.com%2F||target:%20_blank\u00a0\u00bb][vc_empty_space height=\u00a0\u00bb5px\u00a0\u00bb][vc_btn title=\u00a0\u00bbCatalogue\u00a0\u00bb shape=\u00a0\u00bbsquare\u00a0\u00bb color=\u00a0\u00bbwhite\u00a0\u00bb link=\u00a0\u00bburl:http%3A%2F%2Fhaueter-kran.ch%2Fwp-content%2Fuploads%2F2017%2F11%2FJOAB_Prospectus-avec-adresse-fr.pdf||target:%20_blank\u00a0\u00bb][\/vc_column_inner][vc_column_inner width=\u00a0\u00bb1\/3&Prime;][\/vc_column_inner][\/vc_row_inner][\/vc_column][vc_column width=\u00a0\u00bb1\/2&Prime;][vc_column_text]<\/p>\n<h3>Contact et conseils<\/h3>\n<p>[\/vc_column_text][vc_row_inner css=\u00a0\u00bb.vc_custom_1491997395319{margin-top: 15px !important;}\u00a0\u00bb][vc_column_inner width=\u00a0\u00bb1\/3&Prime;][vc_btn title=\u00a0\u00bbAnsprechpartner\u00a0\u00bb shape=\u00a0\u00bbsquare\u00a0\u00bb color=\u00a0\u00bbwhite\u00a0\u00bb link=\u00a0\u00bburl:%20%2Funternehmen%2F%23ansprechpartner||\u00a0\u00bb][vc_empty_space height=\u00a0\u00bb20px\u00a0\u00bb][\/vc_column_inner][vc_column_inner width=\u00a0\u00bb1\/3&Prime;][vc_btn title=\u00a0\u00bbH\u00e4ndler\u00a0\u00bb shape=\u00a0\u00bbsquare\u00a0\u00bb color=\u00a0\u00bbwhite\u00a0\u00bb align=\u00a0\u00bbcenter\u00a0\u00bb link=\u00a0\u00bburl:%20%2Fkontakt||\u00a0\u00bb][vc_empty_space height=\u00a0\u00bb20px\u00a0\u00bb][\/vc_column_inner][vc_column_inner width=\u00a0\u00bb1\/3&Prime;][vc_btn title=\u00a0\u00bb+41 43 477 22 00&Prime; shape=\u00a0\u00bbsquare\u00a0\u00bb color=\u00a0\u00bbjuicy-pink\u00a0\u00bb align=\u00a0\u00bbright\u00a0\u00bb link=\u00a0\u00bburl:tel%3A%2B41434772200||\u00a0\u00bb][\/vc_column_inner][\/vc_row_inner][\/vc_column][\/vc_row]<\/p>\n<\/div>","protected":false},"excerpt":{"rendered":"<p>[vc_row full_width=\u00a0\u00bbtrue\u00a0\u00bb bg_type=\u00a0\u00bbno_bg\u00a0\u00bb animation_direction=\u00a0\u00bbleft-animation\u00a0\u00bb animation_repeat=\u00a0\u00bbrepeat\u00a0\u00bb parallax_content_sense=\u00a0\u00bb30&Prime; fadeout_start_effect=\u00a0\u00bb30&Prime; overlay_pattern_opacity=\u00a0\u00bb80&Prime; multi_color_overlay_opacity=\u00a0\u00bb0.6&Prime; seperator_type=\u00a0\u00bbnone_seperator\u00a0\u00bb seperator_position=\u00a0\u00bbtop_seperator\u00a0\u00bb seperator_shape_size=\u00a0\u00bb40&Prime; seperator_svg_height=\u00a0\u00bb60&Prime; seperator_shape_background=\u00a0\u00bb#ffffff\u00a0\u00bb seperator_shape_border=\u00a0\u00bbnone\u00a0\u00bb seperator_shape_border_width=\u00a0\u00bb1&Prime; icon_type=\u00a0\u00bbno_icon\u00a0\u00bb icon_size=\u00a0\u00bb32&Prime; icon_style=\u00a0\u00bbnone\u00a0\u00bb icon_color_border=\u00a0\u00bb#333333&Prime;<\/p>\n","protected":false},"author":1,"featured_media":0,"parent":4400,"menu_order":0,"comment_status":"closed","ping_status":"closed","template":"","meta":{"footnotes":""},"class_list":["post-4446","page","type-page","status-publish","hentry"],"aioseo_notices":[],"_links":{"self":[{"href":"https:\/\/haueter-kran.ch\/fr\/wp-json\/wp\/v2\/pages\/4446","targetHints":{"allow":["GET"]}}],"collection":[{"href":"https:\/\/haueter-kran.ch\/fr\/wp-json\/wp\/v2\/pages"}],"about":[{"href":"https:\/\/haueter-kran.ch\/fr\/wp-json\/wp\/v2\/types\/page"}],"author":[{"embeddable":true,"href":"https:\/\/haueter-kran.ch\/fr\/wp-json\/wp\/v2\/users\/1"}],"replies":[{"embeddable":true,"href":"https:\/\/haueter-kran.ch\/fr\/wp-json\/wp\/v2\/comments?post=4446"}],"version-history":[{"count":1,"href":"https:\/\/haueter-kran.ch\/fr\/wp-json\/wp\/v2\/pages\/4446\/revisions"}],"predecessor-version":[{"id":4447,"href":"https:\/\/haueter-kran.ch\/fr\/wp-json\/wp\/v2\/pages\/4446\/revisions\/4447"}],"up":[{"embeddable":true,"href":"https:\/\/haueter-kran.ch\/fr\/wp-json\/wp\/v2\/pages\/4400"}],"wp:attachment":[{"href":"https:\/\/haueter-kran.ch\/fr\/wp-json\/wp\/v2\/media?parent=4446"}],"curies":[{"name":"wp","href":"https:\/\/api.w.org\/{rel}","templated":true}]}}