{"id":4164,"date":"2019-11-15T10:19:19","date_gmt":"2019-11-15T10:19:19","guid":{"rendered":"https:\/\/haueter-kran.ch\/?page_id=4164"},"modified":"2019-11-15T10:19:19","modified_gmt":"2019-11-15T10:19:19","slug":"joab-welaki","status":"publish","type":"page","link":"https:\/\/haueter-kran.ch\/fr\/produits\/joab-welaki\/","title":{"rendered":"Joab Welaki"},"content":{"rendered":"<div class=\"wpb-content-wrapper\"><p>[vc_row full_width=\u00a0\u00bbtrue\u00a0\u00bb bg_type=\u00a0\u00bbno_bg\u00a0\u00bb animation_direction=\u00a0\u00bbleft-animation\u00a0\u00bb animation_repeat=\u00a0\u00bbrepeat\u00a0\u00bb parallax_content_sense=\u00a0\u00bb30&Prime; fadeout_start_effect=\u00a0\u00bb30&Prime; overlay_pattern_opacity=\u00a0\u00bb80&Prime; multi_color_overlay_opacity=\u00a0\u00bb0.6&Prime; seperator_type=\u00a0\u00bbnone_seperator\u00a0\u00bb seperator_position=\u00a0\u00bbtop_seperator\u00a0\u00bb seperator_shape_size=\u00a0\u00bb40&Prime; seperator_svg_height=\u00a0\u00bb60&Prime; seperator_shape_background=\u00a0\u00bb#ffffff\u00a0\u00bb seperator_shape_border=\u00a0\u00bbnone\u00a0\u00bb seperator_shape_border_width=\u00a0\u00bb1&Prime; icon_type=\u00a0\u00bbno_icon\u00a0\u00bb icon_size=\u00a0\u00bb32&Prime; icon_style=\u00a0\u00bbnone\u00a0\u00bb icon_color_border=\u00a0\u00bb#333333&Prime; icon_border_size=\u00a0\u00bb1&Prime; icon_border_radius=\u00a0\u00bb500&Prime; icon_border_spacing=\u00a0\u00bb50&Prime; img_width=\u00a0\u00bb48&Prime; ult_hide_row_large_screen=\u00a0\u00bboff\u00a0\u00bb ult_hide_row_desktop=\u00a0\u00bboff\u00a0\u00bb ult_hide_row_tablet=\u00a0\u00bboff\u00a0\u00bb ult_hide_row_tablet_small=\u00a0\u00bboff\u00a0\u00bb ult_hide_row_mobile=\u00a0\u00bboff\u00a0\u00bb ult_hide_row_mobile_large=\u00a0\u00bboff\u00a0\u00bb][vc_column][vc_single_image image=\u00a0\u00bb3116&Prime; img_size=\u00a0\u00bbfull\u00a0\u00bb alignment=\u00a0\u00bbcenter\u00a0\u00bb][\/vc_column][\/vc_row][vc_row bg_type=\u00a0\u00bbno_bg\u00a0\u00bb css=\u00a0\u00bb.vc_custom_1424101242429{margin-top: 30px !important;}\u00a0\u00bb animation_direction=\u00a0\u00bbleft-animation\u00a0\u00bb animation_repeat=\u00a0\u00bbrepeat\u00a0\u00bb parallax_content_sense=\u00a0\u00bb30&Prime; fadeout_start_effect=\u00a0\u00bb30&Prime; overlay_pattern_opacity=\u00a0\u00bb80&Prime; multi_color_overlay_opacity=\u00a0\u00bb0.6&Prime; seperator_type=\u00a0\u00bbnone_seperator\u00a0\u00bb seperator_position=\u00a0\u00bbtop_seperator\u00a0\u00bb seperator_shape_size=\u00a0\u00bb40&Prime; seperator_svg_height=\u00a0\u00bb60&Prime; seperator_shape_background=\u00a0\u00bb#ffffff\u00a0\u00bb seperator_shape_border=\u00a0\u00bbnone\u00a0\u00bb seperator_shape_border_width=\u00a0\u00bb1&Prime; icon_type=\u00a0\u00bbno_icon\u00a0\u00bb icon_size=\u00a0\u00bb32&Prime; icon_style=\u00a0\u00bbnone\u00a0\u00bb icon_color_border=\u00a0\u00bb#333333&Prime; icon_border_size=\u00a0\u00bb1&Prime; icon_border_radius=\u00a0\u00bb500&Prime; icon_border_spacing=\u00a0\u00bb50&Prime; img_width=\u00a0\u00bb48&Prime; ult_hide_row_large_screen=\u00a0\u00bboff\u00a0\u00bb ult_hide_row_desktop=\u00a0\u00bboff\u00a0\u00bb ult_hide_row_tablet=\u00a0\u00bboff\u00a0\u00bb ult_hide_row_tablet_small=\u00a0\u00bboff\u00a0\u00bb ult_hide_row_mobile=\u00a0\u00bboff\u00a0\u00bb ult_hide_row_mobile_large=\u00a0\u00bboff\u00a0\u00bb][vc_column][vc_column_text]<\/p>\n<div class=\"page-title-wrapper\">\n<div class=\"page-title-captions\">\n<h1 class=\"entry-title\">JOAB WELAKI<\/h1>\n<\/div>\n<\/div>\n<p>[\/vc_column_text][vc_column_text]Nous sommes importateur officiel pour la Suisse et \u00e0 votre disposition.[\/vc_column_text][\/vc_column][\/vc_row][vc_row bg_type=\u00a0\u00bbno_bg\u00a0\u00bb css=\u00a0\u00bb.vc_custom_1426782565415{margin-top: 30px !important;padding-bottom: 80px !important;}\u00a0\u00bb animation_direction=\u00a0\u00bbleft-animation\u00a0\u00bb animation_repeat=\u00a0\u00bbrepeat\u00a0\u00bb parallax_content_sense=\u00a0\u00bb30&Prime; fadeout_start_effect=\u00a0\u00bb30&Prime; overlay_pattern_opacity=\u00a0\u00bb80&Prime; multi_color_overlay_opacity=\u00a0\u00bb0.6&Prime; seperator_type=\u00a0\u00bbnone_seperator\u00a0\u00bb seperator_position=\u00a0\u00bbtop_seperator\u00a0\u00bb seperator_shape_size=\u00a0\u00bb40&Prime; seperator_svg_height=\u00a0\u00bb60&Prime; seperator_shape_background=\u00a0\u00bb#ffffff\u00a0\u00bb seperator_shape_border=\u00a0\u00bbnone\u00a0\u00bb seperator_shape_border_width=\u00a0\u00bb1&Prime; icon_type=\u00a0\u00bbno_icon\u00a0\u00bb icon_size=\u00a0\u00bb32&Prime; icon_style=\u00a0\u00bbnone\u00a0\u00bb icon_color_border=\u00a0\u00bb#333333&Prime; icon_border_size=\u00a0\u00bb1&Prime; icon_border_radius=\u00a0\u00bb500&Prime; icon_border_spacing=\u00a0\u00bb50&Prime; img_width=\u00a0\u00bb48&Prime; ult_hide_row_large_screen=\u00a0\u00bboff\u00a0\u00bb ult_hide_row_desktop=\u00a0\u00bboff\u00a0\u00bb ult_hide_row_tablet=\u00a0\u00bboff\u00a0\u00bb ult_hide_row_tablet_small=\u00a0\u00bboff\u00a0\u00bb ult_hide_row_mobile=\u00a0\u00bboff\u00a0\u00bb ult_hide_row_mobile_large=\u00a0\u00bboff\u00a0\u00bb][vc_column][vc_column_text]<\/p>\n<h2>JOAB WELAKI<\/h2>\n<p>[\/vc_column_text][vc_separator][vc_empty_space height=\u00a0\u00bb30px\u00a0\u00bb][vc_row_inner][vc_column_inner width=\u00a0\u00bb1\/3&Prime;][vc_single_image image=\u00a0\u00bb3108&Prime; img_size=\u00a0\u00bbfull\u00a0\u00bb][\/vc_column_inner][vc_column_inner width=\u00a0\u00bb2\/3&Prime;][vc_column_text]<\/p>\n<h3 class=\"product_title entry-title\">Hooklift Skip Loader\u00a0LVL<\/h3>\n<p>Le syst\u00e8me Hooklift Skip LVL est une solution simple, flexible et \u00e9conomique pour la manipulation d&rsquo;un bras multibenne et d&rsquo;un bras \u00e0 crochet sur le m\u00eame ch\u00e2ssis. Avec notre bras de levage et le mod\u00e8le \u00e0 bras multibennes VL (bras r\u00e9tractables), vous b\u00e9n\u00e9ficiez d&rsquo;une solution optimale.<\/p>\n<ul>\n<li>Capacit\u00e9 de levage de 14 et 18\u00a0tonnes m\u00e9triques<\/li>\n<li>Conception adapt\u00e9e aux ch\u00e2ssis \u00e0 3 et 4\u00a0axes<\/li>\n<li>Conforme aux normes SMS et DIN, la hauteur du crochet s&rsquo;adapte \u00e0 la majorit\u00e9 des bras de levage disponibles sur le march\u00e9.<\/li>\n<li>Commande \u00e9lectropneumatique depuis la cabine avec c\u00e2ble de 2\u00a0m pour les fonctions de levage et d&rsquo;inclinaison.<\/li>\n<li>T\u00e9l\u00e9commande \u00e0 2\u00a0vitesses, op\u00e9ration \u00e0 une main, interrupteur d&rsquo;arr\u00eat d&rsquo;urgence et support avec chargeur int\u00e9gr\u00e9 disponibles en option.<\/li>\n<li>La conception \u00e0 membres crois\u00e9s et int\u00e9gr\u00e9s pr\u00e9sente une hauteur de montage de seulement 205\u00a0mm.<\/li>\n<li>R\u00e9sistance \u00e9lev\u00e9e pour une force accrue et une dur\u00e9e de vie prolong\u00e9e<\/li>\n<li>Gamme d&rsquo;\u00e9quipements \u00e9tendue pour l&rsquo;adaptation du produit \u00e0 vos besoins<\/li>\n<li>En tant que client, vous pourrez b\u00e9n\u00e9ficier de ce produit pendant de nombreuses ann\u00e9es.<\/li>\n<\/ul>\n<p>[\/vc_column_text][\/vc_column_inner][\/vc_row_inner][vc_empty_space height=\u00a0\u00bb30&Prime;][vc_separator][vc_empty_space height=\u00a0\u00bb30&Prime;][vc_row_inner][vc_column_inner width=\u00a0\u00bb1\/3&Prime;][vc_images_carousel images=\u00a0\u00bb3194,3195&Prime; img_size=\u00a0\u00bbfull\u00a0\u00bb onclick=\u00a0\u00bblink_no\u00a0\u00bb autoplay=\u00a0\u00bbyes\u00a0\u00bb wrap=\u00a0\u00bbyes\u00a0\u00bb][\/vc_column_inner][vc_column_inner width=\u00a0\u00bb2\/3&Prime;][vc_column_text]<\/p>\n<h3 class=\"product_title entry-title\">Bras r\u00e9tractables VL<\/h3>\n<p>Skip Loader VL est le dernier d\u00e9veloppement de notre gamme de bras multibennes. Nous avons concentr\u00e9 nos efforts sur l&rsquo;am\u00e9lioration du poids, de la hauteur de montage, de la flexibilit\u00e9, de la vitesse et de la s\u00e9curit\u00e9.<\/p>\n<p>Bras r\u00e9tractables V<\/p>\n<ul>\n<li>Capacit\u00e9 de levage de 12, 14 et 18\u00a0tonnes m\u00e9triques<\/li>\n<li>Conception adapt\u00e9e aux ch\u00e2ssis \u00e0 2, 3 et 4\u00a0axes<\/li>\n<li>R\u00e9sistance \u00e9lev\u00e9e pour une force accrue et une dur\u00e9e de vie prolong\u00e9e<\/li>\n<li>Gamme d&rsquo;options \u00e9tendue pour l&rsquo;adaptation du produit \u00e0 vos besoins<\/li>\n<li>Commande \u00e9lectropneumatique depuis la cabine avec c\u00e2ble de 2\u00a0m pour les fonctions de levage et d&rsquo;inclinaison.<\/li>\n<li>T\u00e9l\u00e9commande \u00e0 2\u00a0vitesses, op\u00e9ration \u00e0 une main, interrupteur d&rsquo;arr\u00eat d&rsquo;urgence et support avec chargeur int\u00e9gr\u00e9 disponibles en option.<\/li>\n<li>Pr\u00e9par\u00e9 pour le syst\u00e8me d&rsquo;\u00e9change Cameleont<\/li>\n<li>Partie de notre concept de construction \u00ab\u00a0FBS\u00a0\u00bb, lequel comprend des produits r\u00e9sistants \u00e0 la corrosion (pr\u00e9-peints \u00e0 l&rsquo;assemblage) Le concept FBS permet \u00e9galement d&rsquo;obtenir des d\u00e9lais de mise en \u0153uvre raccourcis.<\/li>\n<li>En tant que client, vous pourrez b\u00e9n\u00e9ficier de ce produit pendant de nombreuses ann\u00e9es.<\/li>\n<\/ul>\n<p>[\/vc_column_text][\/vc_column_inner][\/vc_row_inner][vc_empty_space height=\u00a0\u00bb30&Prime;][vc_separator][vc_empty_space height=\u00a0\u00bb30&Prime;][vc_row_inner][vc_column_inner width=\u00a0\u00bb4\/12&Prime;][vc_single_image image=\u00a0\u00bb3110&Prime; img_size=\u00a0\u00bbfull\u00a0\u00bb][\/vc_column_inner][vc_column_inner width=\u00a0\u00bb6\/12&Prime;][vc_column_text]<\/p>\n<h3 class=\"product_title entry-title\">TL\u00a0<strong>(t\u00e9lescopique)<\/strong><\/h3>\n<div class=\"post-content\">\n<p>Le bras multibenne Skip Loader TL est le mod\u00e8le t\u00e9lescopique classique offrant plusieurs caract\u00e9ristiques pratiques et uniques.<\/p>\n<ul>\n<li>Capacit\u00e9 de levage de 8\u00a0tonnes m\u00e9triques<\/li>\n<li>Conception adapt\u00e9e aux ch\u00e2ssis \u00e0 2\u00a0axes<\/li>\n<li>R\u00e9sistance \u00e9lev\u00e9e pour une force accrue et une dur\u00e9e de vie prolong\u00e9e<\/li>\n<li>Manipulation s\u00e9par\u00e9e des bras et de l&rsquo;extension (manipulation possible en environnements \u00e0 plafonds bas)<\/li>\n<li>Poids optimis\u00e9 pour une charge nette accrue<\/li>\n<li>Cycle d&rsquo;op\u00e9ration rapide<\/li>\n<li>Aucune limitation de hauteur gr\u00e2ce \u00e0 la conception sans inclinaison<\/li>\n<li>Gamme d&rsquo;\u00e9quipements \u00e9tendue pour l&rsquo;adaptation du produit \u00e0 vos besoins<\/li>\n<li>Commande \u00e9lectropneumatique depuis la cabine avec c\u00e2ble de 2\u00a0m pour les fonctions de levage et d&rsquo;inclinaison.<\/li>\n<li>T\u00e9l\u00e9commande \u00e0 2\u00a0vitesses, op\u00e9ration \u00e0 une main, interrupteur d&rsquo;arr\u00eat d&rsquo;urgence et support avec chargeur int\u00e9gr\u00e9 disponibles en option.<\/li>\n<li>Partie de notre concept de construction \u00ab\u00a0FBS\u00a0\u00bb, lequel comprend des produits r\u00e9sistants \u00e0 la corrosion (pr\u00e9-peints \u00e0 l&rsquo;assemblage) Le concept FBS permet \u00e9galement d&rsquo;obtenir des d\u00e9lais de mise en \u0153uvre raccourcis.<\/li>\n<li>Comme tous nos clients, vous pourrez b\u00e9n\u00e9ficier de ce produit pendant de nombreuses ann\u00e9es.<\/li>\n<\/ul>\n<\/div>\n<p>[\/vc_column_text][\/vc_column_inner][vc_column_inner width=\u00a0\u00bb2\/12&Prime;][vc_column_text]<strong>PDF Downloads<br \/>\n<\/strong><a href=\"https:\/\/haueter-kran.ch\/wp-content\/uploads\/2017\/03\/Prospekt-JOAB-TL-14-18.pdf\" target=\"_blank\" rel=\"noopener noreferrer\">Produkte\u00fcbersicht<\/a>[\/vc_column_text][\/vc_column_inner][\/vc_row_inner][vc_empty_space height=\u00a0\u00bb30&Prime;][vc_separator][\/vc_column][\/vc_row][vc_row bg_type=\u00a0\u00bbbg_color\u00a0\u00bb bg_override=\u00a0\u00bbfull\u00a0\u00bb css=\u00a0\u00bb.vc_custom_1426696976288{padding-top: 80px !important;padding-bottom: 80px !important;}\u00a0\u00bb animation_direction=\u00a0\u00bbleft-animation\u00a0\u00bb animation_repeat=\u00a0\u00bbrepeat\u00a0\u00bb parallax_content_sense=\u00a0\u00bb30&Prime; fadeout_start_effect=\u00a0\u00bb30&Prime; overlay_pattern_opacity=\u00a0\u00bb80&Prime; multi_color_overlay_opacity=\u00a0\u00bb0.6&Prime; seperator_type=\u00a0\u00bbnone_seperator\u00a0\u00bb seperator_position=\u00a0\u00bbtop_seperator\u00a0\u00bb seperator_shape_size=\u00a0\u00bb40&Prime; seperator_svg_height=\u00a0\u00bb60&Prime; seperator_shape_background=\u00a0\u00bb#ffffff\u00a0\u00bb seperator_shape_border=\u00a0\u00bbnone\u00a0\u00bb seperator_shape_border_width=\u00a0\u00bb1&Prime; icon_type=\u00a0\u00bbno_icon\u00a0\u00bb icon_size=\u00a0\u00bb32&Prime; icon_style=\u00a0\u00bbnone\u00a0\u00bb icon_color_border=\u00a0\u00bb#333333&Prime; icon_border_size=\u00a0\u00bb1&Prime; icon_border_radius=\u00a0\u00bb500&Prime; icon_border_spacing=\u00a0\u00bb50&Prime; img_width=\u00a0\u00bb48&Prime; ult_hide_row_large_screen=\u00a0\u00bboff\u00a0\u00bb ult_hide_row_desktop=\u00a0\u00bboff\u00a0\u00bb ult_hide_row_tablet=\u00a0\u00bboff\u00a0\u00bb ult_hide_row_tablet_small=\u00a0\u00bboff\u00a0\u00bb ult_hide_row_mobile=\u00a0\u00bboff\u00a0\u00bb ult_hide_row_mobile_large=\u00a0\u00bboff\u00a0\u00bb bg_color_value=\u00a0\u00bb#eaeaea\u00a0\u00bb][vc_column width=\u00a0\u00bb1\/2&Prime;][vc_column_text]<\/p>\n<h3><del><\/del>Fabricant<\/h3>\n<p>[\/vc_column_text][vc_row_inner css=\u00a0\u00bb.vc_custom_1491997390021{margin-top: 15px !important;}\u00a0\u00bb][vc_column_inner width=\u00a0\u00bb1\/3&Prime;][vc_column_text]JOAB F\u00f6rs\u00e4ljnings AB<br \/>\n\u00d6sterg\u00e4rde Industriomr\u00e5de<br \/>\nSE-417 29 G\u00f6teborg<br \/>\nSweden[\/vc_column_text][\/vc_column_inner][vc_column_inner width=\u00a0\u00bb1\/3&Prime;][vc_btn title=\u00a0\u00bbWebsite\u00a0\u00bb shape=\u00a0\u00bbsquare\u00a0\u00bb color=\u00a0\u00bbwhite\u00a0\u00bb link=\u00a0\u00bburl:http%3A%2F%2Fwww.joab.com%2F||target:%20_blank\u00a0\u00bb][vc_empty_space height=\u00a0\u00bb5px\u00a0\u00bb][vc_btn title=\u00a0\u00bbCatalogue\u00a0\u00bb shape=\u00a0\u00bbsquare\u00a0\u00bb color=\u00a0\u00bbwhite\u00a0\u00bb link=\u00a0\u00bburl:http%3A%2F%2Fhaueter-kran.ch%2Fwp-content%2Fuploads%2F2017%2F11%2FJOAB_Prospectus-avec-adresse-fr.pdf||target:%20_blank\u00a0\u00bb][\/vc_column_inner][vc_column_inner width=\u00a0\u00bb1\/3&Prime;][\/vc_column_inner][\/vc_row_inner][\/vc_column][vc_column width=\u00a0\u00bb1\/2&Prime;][vc_column_text]<\/p>\n<h3>Contact et conseils<\/h3>\n<p>[\/vc_column_text][vc_row_inner css=\u00a0\u00bb.vc_custom_1491997395319{margin-top: 15px !important;}\u00a0\u00bb][vc_column_inner width=\u00a0\u00bb1\/3&Prime;][vc_btn title=\u00a0\u00bbAnsprechpartner\u00a0\u00bb shape=\u00a0\u00bbsquare\u00a0\u00bb color=\u00a0\u00bbwhite\u00a0\u00bb link=\u00a0\u00bburl:%20%2Funternehmen%2F%23ansprechpartner||\u00a0\u00bb][vc_empty_space height=\u00a0\u00bb20px\u00a0\u00bb][\/vc_column_inner][vc_column_inner width=\u00a0\u00bb1\/3&Prime;][vc_btn title=\u00a0\u00bbH\u00e4ndler\u00a0\u00bb shape=\u00a0\u00bbsquare\u00a0\u00bb color=\u00a0\u00bbwhite\u00a0\u00bb align=\u00a0\u00bbcenter\u00a0\u00bb link=\u00a0\u00bburl:%20%2Fkontakt||\u00a0\u00bb][vc_empty_space height=\u00a0\u00bb20px\u00a0\u00bb][\/vc_column_inner][vc_column_inner width=\u00a0\u00bb1\/3&Prime;][vc_btn title=\u00a0\u00bb+41 43 477 22 00&Prime; shape=\u00a0\u00bbsquare\u00a0\u00bb color=\u00a0\u00bbjuicy-pink\u00a0\u00bb align=\u00a0\u00bbright\u00a0\u00bb link=\u00a0\u00bburl:tel%3A%2B41434772200||\u00a0\u00bb][\/vc_column_inner][\/vc_row_inner][\/vc_column][\/vc_row]<\/p>\n<\/div>","protected":false},"excerpt":{"rendered":"<p>[vc_row full_width=\u00a0\u00bbtrue\u00a0\u00bb bg_type=\u00a0\u00bbno_bg\u00a0\u00bb animation_direction=\u00a0\u00bbleft-animation\u00a0\u00bb animation_repeat=\u00a0\u00bbrepeat\u00a0\u00bb parallax_content_sense=\u00a0\u00bb30&Prime; fadeout_start_effect=\u00a0\u00bb30&Prime; overlay_pattern_opacity=\u00a0\u00bb80&Prime; multi_color_overlay_opacity=\u00a0\u00bb0.6&Prime; seperator_type=\u00a0\u00bbnone_seperator\u00a0\u00bb seperator_position=\u00a0\u00bbtop_seperator\u00a0\u00bb seperator_shape_size=\u00a0\u00bb40&Prime; seperator_svg_height=\u00a0\u00bb60&Prime; seperator_shape_background=\u00a0\u00bb#ffffff\u00a0\u00bb seperator_shape_border=\u00a0\u00bbnone\u00a0\u00bb seperator_shape_border_width=\u00a0\u00bb1&Prime; icon_type=\u00a0\u00bbno_icon\u00a0\u00bb icon_size=\u00a0\u00bb32&Prime; icon_style=\u00a0\u00bbnone\u00a0\u00bb icon_color_border=\u00a0\u00bb#333333&Prime;<\/p>\n","protected":false},"author":1,"featured_media":0,"parent":2711,"menu_order":0,"comment_status":"closed","ping_status":"closed","template":"","meta":{"footnotes":""},"class_list":["post-4164","page","type-page","status-publish","hentry"],"aioseo_notices":[],"_links":{"self":[{"href":"https:\/\/haueter-kran.ch\/fr\/wp-json\/wp\/v2\/pages\/4164","targetHints":{"allow":["GET"]}}],"collection":[{"href":"https:\/\/haueter-kran.ch\/fr\/wp-json\/wp\/v2\/pages"}],"about":[{"href":"https:\/\/haueter-kran.ch\/fr\/wp-json\/wp\/v2\/types\/page"}],"author":[{"embeddable":true,"href":"https:\/\/haueter-kran.ch\/fr\/wp-json\/wp\/v2\/users\/1"}],"replies":[{"embeddable":true,"href":"https:\/\/haueter-kran.ch\/fr\/wp-json\/wp\/v2\/comments?post=4164"}],"version-history":[{"count":1,"href":"https:\/\/haueter-kran.ch\/fr\/wp-json\/wp\/v2\/pages\/4164\/revisions"}],"predecessor-version":[{"id":4170,"href":"https:\/\/haueter-kran.ch\/fr\/wp-json\/wp\/v2\/pages\/4164\/revisions\/4170"}],"up":[{"embeddable":true,"href":"https:\/\/haueter-kran.ch\/fr\/wp-json\/wp\/v2\/pages\/2711"}],"wp:attachment":[{"href":"https:\/\/haueter-kran.ch\/fr\/wp-json\/wp\/v2\/media?parent=4164"}],"curies":[{"name":"wp","href":"https:\/\/api.w.org\/{rel}","templated":true}]}}