{"id":4153,"date":"2019-11-15T08:41:28","date_gmt":"2019-11-15T08:41:28","guid":{"rendered":"https:\/\/haueter-kran.ch\/?page_id=4153"},"modified":"2019-11-15T08:41:28","modified_gmt":"2019-11-15T08:41:28","slug":"hmf-cables","status":"publish","type":"page","link":"https:\/\/haueter-kran.ch\/fr\/produits\/hmf-cables\/","title":{"rendered":"HMF C\u00e2bles"},"content":{"rendered":"<div class=\"wpb-content-wrapper\"><p>[vc_row full_width=\u00a0\u00bbtrue\u00a0\u00bb bg_type=\u00a0\u00bbno_bg\u00a0\u00bb animation_direction=\u00a0\u00bbleft-animation\u00a0\u00bb animation_repeat=\u00a0\u00bbrepeat\u00a0\u00bb parallax_content_sense=\u00a0\u00bb30&Prime; fadeout_start_effect=\u00a0\u00bb30&Prime; overlay_pattern_opacity=\u00a0\u00bb80&Prime; multi_color_overlay_opacity=\u00a0\u00bb0.6&Prime; seperator_type=\u00a0\u00bbnone_seperator\u00a0\u00bb seperator_position=\u00a0\u00bbtop_seperator\u00a0\u00bb seperator_shape_size=\u00a0\u00bb40&Prime; seperator_svg_height=\u00a0\u00bb60&Prime; seperator_shape_background=\u00a0\u00bb#ffffff\u00a0\u00bb seperator_shape_border=\u00a0\u00bbnone\u00a0\u00bb seperator_shape_border_width=\u00a0\u00bb1&Prime; icon_type=\u00a0\u00bbno_icon\u00a0\u00bb icon_size=\u00a0\u00bb32&Prime; icon_style=\u00a0\u00bbnone\u00a0\u00bb icon_color_border=\u00a0\u00bb#333333&Prime; icon_border_size=\u00a0\u00bb1&Prime; icon_border_radius=\u00a0\u00bb500&Prime; icon_border_spacing=\u00a0\u00bb50&Prime; img_width=\u00a0\u00bb48&Prime; ult_hide_row_large_screen=\u00a0\u00bboff\u00a0\u00bb ult_hide_row_desktop=\u00a0\u00bboff\u00a0\u00bb ult_hide_row_tablet=\u00a0\u00bboff\u00a0\u00bb ult_hide_row_tablet_small=\u00a0\u00bboff\u00a0\u00bb ult_hide_row_mobile=\u00a0\u00bboff\u00a0\u00bb ult_hide_row_mobile_large=\u00a0\u00bboff\u00a0\u00bb][vc_column][vc_single_image image=\u00a0\u00bb2092&Prime; img_size=\u00a0\u00bbfull\u00a0\u00bb alignment=\u00a0\u00bbcenter\u00a0\u00bb][\/vc_column][\/vc_row][vc_row bg_type=\u00a0\u00bbno_bg\u00a0\u00bb css=\u00a0\u00bb.vc_custom_1424101242429{margin-top: 30px !important;}\u00a0\u00bb animation_direction=\u00a0\u00bbleft-animation\u00a0\u00bb animation_repeat=\u00a0\u00bbrepeat\u00a0\u00bb parallax_content_sense=\u00a0\u00bb30&Prime; fadeout_start_effect=\u00a0\u00bb30&Prime; overlay_pattern_opacity=\u00a0\u00bb80&Prime; multi_color_overlay_opacity=\u00a0\u00bb0.6&Prime; seperator_type=\u00a0\u00bbnone_seperator\u00a0\u00bb seperator_position=\u00a0\u00bbtop_seperator\u00a0\u00bb seperator_shape_size=\u00a0\u00bb40&Prime; seperator_svg_height=\u00a0\u00bb60&Prime; seperator_shape_background=\u00a0\u00bb#ffffff\u00a0\u00bb seperator_shape_border=\u00a0\u00bbnone\u00a0\u00bb seperator_shape_border_width=\u00a0\u00bb1&Prime; icon_type=\u00a0\u00bbno_icon\u00a0\u00bb icon_size=\u00a0\u00bb32&Prime; icon_style=\u00a0\u00bbnone\u00a0\u00bb icon_color_border=\u00a0\u00bb#333333&Prime; icon_border_size=\u00a0\u00bb1&Prime; icon_border_radius=\u00a0\u00bb500&Prime; icon_border_spacing=\u00a0\u00bb50&Prime; img_width=\u00a0\u00bb48&Prime; ult_hide_row_large_screen=\u00a0\u00bboff\u00a0\u00bb ult_hide_row_desktop=\u00a0\u00bboff\u00a0\u00bb ult_hide_row_tablet=\u00a0\u00bboff\u00a0\u00bb ult_hide_row_tablet_small=\u00a0\u00bboff\u00a0\u00bb ult_hide_row_mobile=\u00a0\u00bboff\u00a0\u00bb ult_hide_row_mobile_large=\u00a0\u00bboff\u00a0\u00bb][vc_column][vc_column_text]<\/p>\n<h1>HMF c\u00e2bles<\/h1>\n<p>[\/vc_column_text][vc_column_text]Importateur g\u00e9n\u00e9ral de HMF pour la Suisse et la principaut\u00e9 du Liechtenstein, nous sommes \u00e0 votre disposition pour r\u00e9pondre \u00e0 toutes vos questions.[\/vc_column_text][\/vc_column][\/vc_row][vc_row css=\u00a0\u00bb.vc_custom_1449668201732{margin-top: 30px !important;margin-bottom: 80px !important;}\u00a0\u00bb animation_direction=\u00a0\u00bbleft-animation\u00a0\u00bb animation_repeat=\u00a0\u00bbrepeat\u00a0\u00bb parallax_content_sense=\u00a0\u00bb30&Prime; fadeout_start_effect=\u00a0\u00bb30&Prime; overlay_pattern_opacity=\u00a0\u00bb80&Prime; multi_color_overlay_opacity=\u00a0\u00bb0.6&Prime; seperator_type=\u00a0\u00bbnone_seperator\u00a0\u00bb seperator_position=\u00a0\u00bbtop_seperator\u00a0\u00bb seperator_shape_size=\u00a0\u00bb40&Prime; seperator_svg_height=\u00a0\u00bb60&Prime; seperator_shape_background=\u00a0\u00bb#ffffff\u00a0\u00bb seperator_shape_border=\u00a0\u00bbnone\u00a0\u00bb seperator_shape_border_width=\u00a0\u00bb1&Prime; icon_type=\u00a0\u00bbno_icon\u00a0\u00bb icon_size=\u00a0\u00bb32&Prime; icon_style=\u00a0\u00bbnone\u00a0\u00bb icon_color_border=\u00a0\u00bb#333333&Prime; icon_border_size=\u00a0\u00bb1&Prime; icon_border_radius=\u00a0\u00bb500&Prime; icon_border_spacing=\u00a0\u00bb50&Prime; img_width=\u00a0\u00bb48&Prime; ult_hide_row_large_screen=\u00a0\u00bboff\u00a0\u00bb ult_hide_row_desktop=\u00a0\u00bboff\u00a0\u00bb ult_hide_row_tablet=\u00a0\u00bboff\u00a0\u00bb ult_hide_row_tablet_small=\u00a0\u00bboff\u00a0\u00bb ult_hide_row_mobile=\u00a0\u00bboff\u00a0\u00bb ult_hide_row_mobile_large=\u00a0\u00bboff\u00a0\u00bb][vc_column width=\u00a0\u00bb1\/2&Prime;][vc_row_inner][vc_column_inner][vc_empty_space height=\u00a0\u00bb20px\u00a0\u00bb][vc_column_text]<\/p>\n<h2 style=\"text-align: center;\">Syst\u00e8me \u00e0 c\u00e2ble HMF<\/h2>\n<p>[\/vc_column_text][vc_separator][vc_empty_space height=\u00a0\u00bb20px\u00a0\u00bb][\/vc_column_inner][\/vc_row_inner][vc_row_inner][vc_column_inner][vc_column_text]La gamme de syst\u00e8mes \u00e0 c\u00e2ble couvre des mod\u00e8les pour les camions 2-, 3, et 4 essieux. Plus d\u2019informations dans le <a href=\"https:\/\/haueter-kran.ch\/wp-content\/uploads\/2017\/04\/Prospectus-HMF-TF-f.pdf\" target=\"_blank\" rel=\"noopener noreferrer\">prospectus.<\/a>[\/vc_column_text][\/vc_column_inner][\/vc_row_inner][\/vc_column][vc_column width=\u00a0\u00bb1\/2&Prime;][vc_empty_space height=\u00a0\u00bb90px\u00a0\u00bb][vc_single_image image=\u00a0\u00bb3143&Prime; img_size=\u00a0\u00bbfull\u00a0\u00bb][\/vc_column][\/vc_row][vc_row bg_type=\u00a0\u00bbbg_color\u00a0\u00bb bg_override=\u00a0\u00bbfull\u00a0\u00bb css=\u00a0\u00bb.vc_custom_1426696976288{padding-top: 80px !important;padding-bottom: 80px !important;}\u00a0\u00bb animation_direction=\u00a0\u00bbleft-animation\u00a0\u00bb animation_repeat=\u00a0\u00bbrepeat\u00a0\u00bb parallax_content_sense=\u00a0\u00bb30&Prime; fadeout_start_effect=\u00a0\u00bb30&Prime; overlay_pattern_opacity=\u00a0\u00bb80&Prime; multi_color_overlay_opacity=\u00a0\u00bb0.6&Prime; seperator_type=\u00a0\u00bbnone_seperator\u00a0\u00bb seperator_position=\u00a0\u00bbtop_seperator\u00a0\u00bb seperator_shape_size=\u00a0\u00bb40&Prime; seperator_svg_height=\u00a0\u00bb60&Prime; seperator_shape_background=\u00a0\u00bb#ffffff\u00a0\u00bb seperator_shape_border=\u00a0\u00bbnone\u00a0\u00bb seperator_shape_border_width=\u00a0\u00bb1&Prime; icon_type=\u00a0\u00bbno_icon\u00a0\u00bb icon_size=\u00a0\u00bb32&Prime; icon_style=\u00a0\u00bbnone\u00a0\u00bb icon_color_border=\u00a0\u00bb#333333&Prime; icon_border_size=\u00a0\u00bb1&Prime; icon_border_radius=\u00a0\u00bb500&Prime; icon_border_spacing=\u00a0\u00bb50&Prime; img_width=\u00a0\u00bb48&Prime; ult_hide_row_large_screen=\u00a0\u00bboff\u00a0\u00bb ult_hide_row_desktop=\u00a0\u00bboff\u00a0\u00bb ult_hide_row_tablet=\u00a0\u00bboff\u00a0\u00bb ult_hide_row_tablet_small=\u00a0\u00bboff\u00a0\u00bb ult_hide_row_mobile=\u00a0\u00bboff\u00a0\u00bb ult_hide_row_mobile_large=\u00a0\u00bboff\u00a0\u00bb bg_color_value=\u00a0\u00bb#eaeaea\u00a0\u00bb][vc_column width=\u00a0\u00bb1\/2&Prime;][vc_column_text]<\/p>\n<h3>Pr\u00e9sentation de la stabilit\u00e9 EVS<\/h3>\n<p>[\/vc_column_text][vc_raw_html]JTNDaWZyYW1lJTIwc3JjJTNEJTIyJTJGJTJGcGxheWVyLnZpbWVvLmNvbSUyRnZpZGVvJTJGMTE5NzY5MDgxJTIyJTIwd2lkdGglM0QlMjI1MDAlMjIlMjBoZWlnaHQlM0QlMjIyODElMjIlMjBmcmFtZWJvcmRlciUzRCUyMjAlMjIlMjB3ZWJraXRhbGxvd2Z1bGxzY3JlZW4lMjBtb3phbGxvd2Z1bGxzY3JlZW4lMjBhbGxvd2Z1bGxzY3JlZW4lM0UlM0MlMkZpZnJhbWUlM0U=[\/vc_raw_html][\/vc_column][vc_column width=\u00a0\u00bb1\/2&Prime;][vc_empty_space height=\u00a0\u00bb42px\u00a0\u00bb][vc_column_text]<\/p>\n<h3><del><\/del>Fabricant:<\/h3>\n<p>[\/vc_column_text][vc_row_inner][vc_column_inner width=\u00a0\u00bb1\/3&Prime;][vc_column_text]HMF Group A\/S<br \/>\nOddervej 200<br \/>\nDK-8270 H\u00f8jbjerg[\/vc_column_text][\/vc_column_inner][vc_column_inner width=\u00a0\u00bb1\/3&Prime;][vc_btn title=\u00a0\u00bbWebsite\u00a0\u00bb shape=\u00a0\u00bbsquare\u00a0\u00bb color=\u00a0\u00bbdefault\u00a0\u00bb link=\u00a0\u00bburl:http%3A%2F%2Ffr.hmf.dk%2F||target:%20_blank\u00a0\u00bb][vc_empty_space height=\u00a0\u00bb20px\u00a0\u00bb][\/vc_column_inner][vc_column_inner width=\u00a0\u00bb1\/3&Prime;][vc_btn title=\u00a0\u00bbGrue-Guide\u00a0\u00bb shape=\u00a0\u00bbsquare\u00a0\u00bb color=\u00a0\u00bbdefault\u00a0\u00bb link=\u00a0\u00bburl:http%3A%2F%2Fipaper.hmf.dk%2FFTP%2FKranguide%2FZ006018%2F||target:%20_blank\u00a0\u00bb][\/vc_column_inner][\/vc_row_inner][vc_column_text]<\/p>\n<h3>Contact &amp; Conseils<\/h3>\n<p>[\/vc_column_text][vc_column_text]Vous avez des questions sur les produits HMF? Nous nous ferons un plaisir de vous conseiller.[\/vc_column_text][vc_row_inner][vc_column_inner width=\u00a0\u00bb1\/3&Prime;][vc_btn title=\u00a0\u00bbInterlocuteur\u00a0\u00bb shape=\u00a0\u00bbsquare\u00a0\u00bb color=\u00a0\u00bbdefault\u00a0\u00bb link=\u00a0\u00bburl:%2Ffr%2Fentreprise%2F%23interlecuteurs||\u00a0\u00bb][vc_empty_space height=\u00a0\u00bb20px\u00a0\u00bb][\/vc_column_inner][vc_column_inner width=\u00a0\u00bb1\/3&Prime;][vc_btn title=\u00a0\u00bbRevendeurs\u00a0\u00bb shape=\u00a0\u00bbsquare\u00a0\u00bb color=\u00a0\u00bbdefault\u00a0\u00bb link=\u00a0\u00bburl:%2Ffr%2Fcontact%2F||\u00a0\u00bb][vc_empty_space height=\u00a0\u00bb20px\u00a0\u00bb][\/vc_column_inner][vc_column_inner width=\u00a0\u00bb1\/3&Prime;][vc_btn title=\u00a0\u00bb+41 43 477 22 00&Prime; shape=\u00a0\u00bbsquare\u00a0\u00bb color=\u00a0\u00bbjuicy-pink\u00a0\u00bb link=\u00a0\u00bburl:tel%3A%2B41434772200||\u00a0\u00bb][\/vc_column_inner][\/vc_row_inner][\/vc_column][\/vc_row]<\/p>\n<\/div>","protected":false},"excerpt":{"rendered":"<p>[vc_row full_width=\u00a0\u00bbtrue\u00a0\u00bb bg_type=\u00a0\u00bbno_bg\u00a0\u00bb animation_direction=\u00a0\u00bbleft-animation\u00a0\u00bb animation_repeat=\u00a0\u00bbrepeat\u00a0\u00bb parallax_content_sense=\u00a0\u00bb30&Prime; fadeout_start_effect=\u00a0\u00bb30&Prime; overlay_pattern_opacity=\u00a0\u00bb80&Prime; multi_color_overlay_opacity=\u00a0\u00bb0.6&Prime; seperator_type=\u00a0\u00bbnone_seperator\u00a0\u00bb seperator_position=\u00a0\u00bbtop_seperator\u00a0\u00bb seperator_shape_size=\u00a0\u00bb40&Prime; seperator_svg_height=\u00a0\u00bb60&Prime; seperator_shape_background=\u00a0\u00bb#ffffff\u00a0\u00bb seperator_shape_border=\u00a0\u00bbnone\u00a0\u00bb seperator_shape_border_width=\u00a0\u00bb1&Prime; icon_type=\u00a0\u00bbno_icon\u00a0\u00bb icon_size=\u00a0\u00bb32&Prime; icon_style=\u00a0\u00bbnone\u00a0\u00bb icon_color_border=\u00a0\u00bb#333333&Prime;<\/p>\n","protected":false},"author":1,"featured_media":0,"parent":2711,"menu_order":0,"comment_status":"closed","ping_status":"closed","template":"","meta":{"footnotes":""},"class_list":["post-4153","page","type-page","status-publish","hentry"],"aioseo_notices":[],"_links":{"self":[{"href":"https:\/\/haueter-kran.ch\/fr\/wp-json\/wp\/v2\/pages\/4153","targetHints":{"allow":["GET"]}}],"collection":[{"href":"https:\/\/haueter-kran.ch\/fr\/wp-json\/wp\/v2\/pages"}],"about":[{"href":"https:\/\/haueter-kran.ch\/fr\/wp-json\/wp\/v2\/types\/page"}],"author":[{"embeddable":true,"href":"https:\/\/haueter-kran.ch\/fr\/wp-json\/wp\/v2\/users\/1"}],"replies":[{"embeddable":true,"href":"https:\/\/haueter-kran.ch\/fr\/wp-json\/wp\/v2\/comments?post=4153"}],"version-history":[{"count":1,"href":"https:\/\/haueter-kran.ch\/fr\/wp-json\/wp\/v2\/pages\/4153\/revisions"}],"predecessor-version":[{"id":4155,"href":"https:\/\/haueter-kran.ch\/fr\/wp-json\/wp\/v2\/pages\/4153\/revisions\/4155"}],"up":[{"embeddable":true,"href":"https:\/\/haueter-kran.ch\/fr\/wp-json\/wp\/v2\/pages\/2711"}],"wp:attachment":[{"href":"https:\/\/haueter-kran.ch\/fr\/wp-json\/wp\/v2\/media?parent=4153"}],"curies":[{"name":"wp","href":"https:\/\/api.w.org\/{rel}","templated":true}]}}