{"id":3758,"date":"2019-03-01T09:36:15","date_gmt":"2019-03-01T09:36:15","guid":{"rendered":"https:\/\/haueter-kran.ch\/?page_id=3758"},"modified":"2022-06-24T11:41:42","modified_gmt":"2022-06-24T11:41:42","slug":"handy-crane","status":"publish","type":"page","link":"https:\/\/haueter-kran.ch\/fr\/handy-crane\/","title":{"rendered":"Handy Crane"},"content":{"rendered":"<div class=\"wpb-content-wrapper\"><p>[vc_row full_width=\u00a0\u00bbtrue\u00a0\u00bb bg_type=\u00a0\u00bbno_bg\u00a0\u00bb animation_direction=\u00a0\u00bbleft-animation\u00a0\u00bb animation_repeat=\u00a0\u00bbrepeat\u00a0\u00bb parallax_content_sense=\u00a0\u00bb30&Prime; fadeout_start_effect=\u00a0\u00bb30&Prime; overlay_pattern_opacity=\u00a0\u00bb80&Prime; multi_color_overlay_opacity=\u00a0\u00bb0.6&Prime; seperator_type=\u00a0\u00bbnone_seperator\u00a0\u00bb seperator_position=\u00a0\u00bbtop_seperator\u00a0\u00bb seperator_shape_size=\u00a0\u00bb40&Prime; seperator_svg_height=\u00a0\u00bb60&Prime; seperator_shape_background=\u00a0\u00bb#ffffff\u00a0\u00bb seperator_shape_border=\u00a0\u00bbnone\u00a0\u00bb seperator_shape_border_width=\u00a0\u00bb1&Prime; icon_type=\u00a0\u00bbno_icon\u00a0\u00bb icon_size=\u00a0\u00bb32&Prime; icon_style=\u00a0\u00bbnone\u00a0\u00bb icon_color_border=\u00a0\u00bb#333333&Prime; icon_border_size=\u00a0\u00bb1&Prime; icon_border_radius=\u00a0\u00bb500&Prime; icon_border_spacing=\u00a0\u00bb50&Prime; img_width=\u00a0\u00bb48&Prime; ult_hide_row_large_screen=\u00a0\u00bboff\u00a0\u00bb ult_hide_row_desktop=\u00a0\u00bboff\u00a0\u00bb ult_hide_row_tablet=\u00a0\u00bboff\u00a0\u00bb ult_hide_row_tablet_small=\u00a0\u00bboff\u00a0\u00bb ult_hide_row_mobile=\u00a0\u00bboff\u00a0\u00bb ult_hide_row_mobile_large=\u00a0\u00bboff\u00a0\u00bb][vc_column][vc_single_image image=\u00a0\u00bb3802&Prime; img_size=\u00a0\u00bbfull\u00a0\u00bb alignment=\u00a0\u00bbcenter\u00a0\u00bb][\/vc_column][\/vc_row][vc_section el_class=\u00a0\u00bbwk-section\u00a0\u00bb][vc_row css=\u00a0\u00bb.vc_custom_1551436395862{margin-top: 30px !important;}\u00a0\u00bb animation_direction=\u00a0\u00bbleft-animation\u00a0\u00bb animation_repeat=\u00a0\u00bbrepeat\u00a0\u00bb parallax_content_sense=\u00a0\u00bb30&Prime; fadeout_start_effect=\u00a0\u00bb30&Prime; overlay_pattern_opacity=\u00a0\u00bb80&Prime; multi_color_overlay_opacity=\u00a0\u00bb0.6&Prime; seperator_type=\u00a0\u00bbnone_seperator\u00a0\u00bb seperator_position=\u00a0\u00bbtop_seperator\u00a0\u00bb seperator_shape_size=\u00a0\u00bb40&Prime; seperator_svg_height=\u00a0\u00bb60&Prime; seperator_shape_background=\u00a0\u00bb#ffffff\u00a0\u00bb seperator_shape_border=\u00a0\u00bbnone\u00a0\u00bb seperator_shape_border_width=\u00a0\u00bb1&Prime; icon_type=\u00a0\u00bbno_icon\u00a0\u00bb icon_size=\u00a0\u00bb32&Prime; icon_style=\u00a0\u00bbnone\u00a0\u00bb icon_color_border=\u00a0\u00bb#333333&Prime; icon_border_size=\u00a0\u00bb1&Prime; icon_border_radius=\u00a0\u00bb500&Prime; icon_border_spacing=\u00a0\u00bb50&Prime; img_width=\u00a0\u00bb48&Prime; ult_hide_row_large_screen=\u00a0\u00bboff\u00a0\u00bb ult_hide_row_desktop=\u00a0\u00bboff\u00a0\u00bb ult_hide_row_tablet=\u00a0\u00bboff\u00a0\u00bb ult_hide_row_tablet_small=\u00a0\u00bboff\u00a0\u00bb ult_hide_row_mobile=\u00a0\u00bboff\u00a0\u00bb ult_hide_row_mobile_large=\u00a0\u00bboff\u00a0\u00bb][vc_column][vc_column_text]<\/p>\n<h1>Handy Crane<\/h1>\n<p>[\/vc_column_text][vc_column_text]La gamme HANDY CRANE comprends une palette compl\u00e8te de mod\u00e8les avec bras t\u00e9lescopique entre 0,5 et 3,8 tm.[\/vc_column_text][\/vc_column][\/vc_row][vc_row el_class=\u00a0\u00bbwk-row\u00a0\u00bb][vc_column width=\u00a0\u00bb1\/2&Prime;][vc_column_text]Les grues ont une structure modulaire et peuvent \u00eatre configur\u00e9es selon vos besoins pour le montage sur la plate-forme de chargement, entre la cabine et la carrosserie ou \u00e0 l&rsquo;arri\u00e8re. Choisissez entre un syst\u00e8me de fl\u00e8che hydraulique de 1 \u00e0 4 extensions, entrain\u00e9 par une pompe \u00e9lectrohydraulique ou pompe sur prise de force du v\u00e9hicule. Ils peuvent \u00eatre \u00e9quip\u00e9s d&rsquo;une large gamme d&rsquo;accessoires tels que des supports m\u00e9caniques ou hydrauliques, t\u00e9l\u00e9commande radio, un treuil et divers dispositifs suppl\u00e9mentaires.[\/vc_column_text][\/vc_column][vc_column width=\u00a0\u00bb1\/2&Prime;][vc_single_image image=\u00a0\u00bb3812&Prime; img_size=\u00a0\u00bbfull\u00a0\u00bb][\/vc_column][\/vc_row][vc_row bg_type=\u00a0\u00bbno_bg\u00a0\u00bb css=\u00a0\u00bb.vc_custom_1424101242429{margin-top: 30px !important;}\u00a0\u00bb animation_direction=\u00a0\u00bbleft-animation\u00a0\u00bb animation_repeat=\u00a0\u00bbrepeat\u00a0\u00bb parallax_content_sense=\u00a0\u00bb30&Prime; fadeout_start_effect=\u00a0\u00bb30&Prime; overlay_pattern_opacity=\u00a0\u00bb80&Prime; multi_color_overlay_opacity=\u00a0\u00bb0.6&Prime; seperator_type=\u00a0\u00bbnone_seperator\u00a0\u00bb seperator_position=\u00a0\u00bbtop_seperator\u00a0\u00bb seperator_shape_size=\u00a0\u00bb40&Prime; seperator_svg_height=\u00a0\u00bb60&Prime; seperator_shape_background=\u00a0\u00bb#ffffff\u00a0\u00bb seperator_shape_border=\u00a0\u00bbnone\u00a0\u00bb seperator_shape_border_width=\u00a0\u00bb1&Prime; icon_type=\u00a0\u00bbno_icon\u00a0\u00bb icon_size=\u00a0\u00bb32&Prime; icon_style=\u00a0\u00bbnone\u00a0\u00bb icon_color_border=\u00a0\u00bb#333333&Prime; icon_border_size=\u00a0\u00bb1&Prime; icon_border_radius=\u00a0\u00bb500&Prime; icon_border_spacing=\u00a0\u00bb50&Prime; img_width=\u00a0\u00bb48&Prime; ult_hide_row_large_screen=\u00a0\u00bboff\u00a0\u00bb ult_hide_row_desktop=\u00a0\u00bboff\u00a0\u00bb ult_hide_row_tablet=\u00a0\u00bboff\u00a0\u00bb ult_hide_row_tablet_small=\u00a0\u00bboff\u00a0\u00bb ult_hide_row_mobile=\u00a0\u00bboff\u00a0\u00bb ult_hide_row_mobile_large=\u00a0\u00bboff\u00a0\u00bb][vc_column width=\u00a0\u00bb1\/2&Prime;][vc_column_text]<\/p>\n<h2 style=\"text-align: center;\">Programme \u00e0 bras t\u00e9lescopique<\/h2>\n<p>[\/vc_column_text][vc_separator][\/vc_column][vc_column width=\u00a0\u00bb1\/2&Prime;][vc_single_image image=\u00a0\u00bb3779&Prime; img_size=\u00a0\u00bbfull\u00a0\u00bb el_class=\u00a0\u00bbmobile-top-padding\u00a0\u00bb css=\u00a0\u00bb.vc_custom_1551453802109{margin-top: 70px !important;}\u00a0\u00bb][\/vc_column][\/vc_row][vc_row css=\u00a0\u00bb.vc_custom_1551447209149{margin-top: 30px !important;}\u00a0\u00bb animation_direction=\u00a0\u00bbleft-animation\u00a0\u00bb animation_repeat=\u00a0\u00bbrepeat\u00a0\u00bb parallax_content_sense=\u00a0\u00bb30&Prime; fadeout_start_effect=\u00a0\u00bb30&Prime; overlay_pattern_opacity=\u00a0\u00bb80&Prime; multi_color_overlay_opacity=\u00a0\u00bb0.6&Prime; seperator_type=\u00a0\u00bbnone_seperator\u00a0\u00bb seperator_position=\u00a0\u00bbtop_seperator\u00a0\u00bb seperator_shape_size=\u00a0\u00bb40&Prime; seperator_svg_height=\u00a0\u00bb60&Prime; seperator_shape_background=\u00a0\u00bb#ffffff\u00a0\u00bb seperator_shape_border=\u00a0\u00bbnone\u00a0\u00bb seperator_shape_border_width=\u00a0\u00bb1&Prime; icon_type=\u00a0\u00bbno_icon\u00a0\u00bb icon_size=\u00a0\u00bb32&Prime; icon_style=\u00a0\u00bbnone\u00a0\u00bb icon_color_border=\u00a0\u00bb#333333&Prime; icon_border_size=\u00a0\u00bb1&Prime; icon_border_radius=\u00a0\u00bb500&Prime; icon_border_spacing=\u00a0\u00bb50&Prime; img_width=\u00a0\u00bb48&Prime; ult_hide_row_large_screen=\u00a0\u00bboff\u00a0\u00bb ult_hide_row_desktop=\u00a0\u00bboff\u00a0\u00bb ult_hide_row_tablet=\u00a0\u00bboff\u00a0\u00bb ult_hide_row_tablet_small=\u00a0\u00bboff\u00a0\u00bb ult_hide_row_mobile=\u00a0\u00bboff\u00a0\u00bb ult_hide_row_mobile_large=\u00a0\u00bboff\u00a0\u00bb el_class=\u00a0\u00bbmobile-top-padding\u00a0\u00bb][vc_column width=\u00a0\u00bb1\/2&Prime;][vc_row_inner css=\u00a0\u00bb.vc_custom_1551453987748{margin-top: -160px !important;}\u00a0\u00bb][vc_column_inner width=\u00a0\u00bb1\/2&Prime;][vc_column_text el_class=\u00a0\u00bbwk-color-red\u00a0\u00bb]<\/p>\n<ul>\n<li><a href=\"\/wp-content\/uploads\/2020\/02\/TD-HC-10.pdf\" target=\"_blank\" rel=\"noopener noreferrer\">HC 10 T<\/a><\/li>\n<li><a href=\"\/wp-content\/uploads\/2019\/03\/Basic-Line_HC-12-T.pdf\" target=\"_blank\" rel=\"noopener noreferrer\">HC 12 T<\/a><\/li>\n<li><a href=\"\/wp-content\/uploads\/2019\/03\/Basic-Line_HC-24-T.pdf\" target=\"_blank\" rel=\"noopener noreferrer\">HC 24 T<\/a><\/li>\n<\/ul>\n<p>[\/vc_column_text][\/vc_column_inner][vc_column_inner width=\u00a0\u00bb1\/2&Prime;][vc_column_text el_class=\u00a0\u00bbwk-color-red\u00a0\u00bb]<\/p>\n<ul>\n<li><a href=\"\/wp-content\/uploads\/2019\/03\/Basic-Line_HC-34-T.pdf\" target=\"_blank\" rel=\"noopener noreferrer\">HC 34 T<\/a><\/li>\n<li><a href=\"\/wp-content\/uploads\/2019\/03\/Basic-Line_HC-39-T.pdf\" target=\"_blank\" rel=\"noopener noreferrer\">HC 39 T<\/a><\/li>\n<li><a href=\"\/wp-content\/uploads\/2019\/04\/Basic-Line_HC-44-T.pdf\" target=\"_blank\" rel=\"noopener noreferrer\">HC 44 T<\/a><\/li>\n<\/ul>\n<p>[\/vc_column_text][\/vc_column_inner][\/vc_row_inner][\/vc_column][vc_column width=\u00a0\u00bb1\/2&Prime;][\/vc_column][\/vc_row][vc_row bg_type=\u00a0\u00bbno_bg\u00a0\u00bb css=\u00a0\u00bb.vc_custom_1424101242429{margin-top: 30px !important;}\u00a0\u00bb animation_direction=\u00a0\u00bbleft-animation\u00a0\u00bb animation_repeat=\u00a0\u00bbrepeat\u00a0\u00bb parallax_content_sense=\u00a0\u00bb30&Prime; fadeout_start_effect=\u00a0\u00bb30&Prime; overlay_pattern_opacity=\u00a0\u00bb80&Prime; multi_color_overlay_opacity=\u00a0\u00bb0.6&Prime; seperator_type=\u00a0\u00bbnone_seperator\u00a0\u00bb seperator_position=\u00a0\u00bbtop_seperator\u00a0\u00bb seperator_shape_size=\u00a0\u00bb40&Prime; seperator_svg_height=\u00a0\u00bb60&Prime; seperator_shape_background=\u00a0\u00bb#ffffff\u00a0\u00bb seperator_shape_border=\u00a0\u00bbnone\u00a0\u00bb seperator_shape_border_width=\u00a0\u00bb1&Prime; icon_type=\u00a0\u00bbno_icon\u00a0\u00bb icon_size=\u00a0\u00bb32&Prime; icon_style=\u00a0\u00bbnone\u00a0\u00bb icon_color_border=\u00a0\u00bb#333333&Prime; icon_border_size=\u00a0\u00bb1&Prime; icon_border_radius=\u00a0\u00bb500&Prime; icon_border_spacing=\u00a0\u00bb50&Prime; img_width=\u00a0\u00bb48&Prime; ult_hide_row_large_screen=\u00a0\u00bboff\u00a0\u00bb ult_hide_row_desktop=\u00a0\u00bboff\u00a0\u00bb ult_hide_row_tablet=\u00a0\u00bboff\u00a0\u00bb ult_hide_row_tablet_small=\u00a0\u00bboff\u00a0\u00bb ult_hide_row_mobile=\u00a0\u00bboff\u00a0\u00bb ult_hide_row_mobile_large=\u00a0\u00bboff\u00a0\u00bb][vc_column width=\u00a0\u00bb1\/2&Prime;][vc_row_inner][vc_column_inner width=\u00a0\u00bb1\/2&Prime;][vc_column_text el_class=\u00a0\u00bbwk-color-red\u00a0\u00bb]Supports[\/vc_column_text][vc_column_text el_class=\u00a0\u00bbwk-color-red\u00a0\u00bb]<\/p>\n<ul>\n<li><a href=\"\/wp-content\/uploads\/2019\/04\/Abstuetzung_HC-12_24_34_39_44.pdf\" target=\"_blank\" rel=\"noopener noreferrer\">HC 10 T \u2013 44 T<\/a><\/li>\n<\/ul>\n<p>[\/vc_column_text][\/vc_column_inner][vc_column_inner width=\u00a0\u00bb1\/2&Prime;][\/vc_column_inner][\/vc_row_inner][\/vc_column][vc_column width=\u00a0\u00bb1\/2&Prime;][vc_single_image image=\u00a0\u00bb3783&Prime; el_class=\u00a0\u00bbwk-row\u00a0\u00bb][\/vc_column][\/vc_row][vc_row css=\u00a0\u00bb.vc_custom_1551443837485{padding-bottom: 80px !important;}\u00a0\u00bb][vc_column][vc_row_inner][vc_column_inner][vc_column_text]<\/p>\n<h2 style=\"text-align: center;\">Accessoires<\/h2>\n<p>[\/vc_column_text][vc_separator][vc_empty_space height=\u00a0\u00bb20px\u00a0\u00bb][\/vc_column_inner][\/vc_row_inner][vc_row_inner][vc_column_inner][vc_column_text]<\/p>\n<table style=\"height: 468px;\" width=\"624\">\n<tbody>\n<tr>\n<td width=\"302\"><span style=\"color: #8c9aaa;\"><strong>Radio Commande<\/strong><\/span><\/td>\n<td width=\"302\"><span style=\"color: #8c9aaa;\">HC Modelle NEM \/ Scanrec<\/span><\/td>\n<\/tr>\n<tr>\n<td width=\"302\"><span style=\"color: #8c9aaa;\"><strong>Treuil<\/strong><\/span><\/td>\n<td width=\"302\"><span style=\"color: #8c9aaa;\">Hydraulique, capacit\u00e9 350 kg<\/span><\/td>\n<\/tr>\n<tr>\n<td width=\"302\"><span style=\"color: #8c9aaa;\"><strong>1 ou 2 fonctions suppl\u00e9mentaires<\/strong><\/span><\/td>\n<td width=\"302\"><span style=\"color: #8c9aaa;\">Pour outils hydrauliques<\/span><\/td>\n<\/tr>\n<tr>\n<td width=\"302\"><span style=\"color: #8c9aaa;\"><strong>Grapin<\/strong><\/span><\/td>\n<td width=\"302\"><span style=\"color: #8c9aaa;\">Divers mod\u00e8les sur demande<\/span><\/td>\n<\/tr>\n<tr>\n<td width=\"302\"><span style=\"color: #8c9aaa;\"><strong>Pinces m\u00e9caniques<\/strong><\/span><\/td>\n<td width=\"302\"><span style=\"color: #8c9aaa;\">Divers mod\u00e8les sur demande<\/span><\/td>\n<\/tr>\n<tr>\n<td width=\"302\"><span style=\"color: #8c9aaa;\"><strong>Peinture<\/strong><\/span><\/td>\n<td width=\"302\"><span style=\"color: #8c9aaa;\">En couleur RAL selon choix<\/span><\/td>\n<\/tr>\n<tr>\n<td width=\"302\"><span style=\"color: #8c9aaa;\"><strong>Groupes \u00e9lectrohydrauliques 12 ou 24 V<\/strong><\/span><\/td>\n<td width=\"302\"><\/td>\n<\/tr>\n<tr>\n<td width=\"302\"><span style=\"color: #8c9aaa;\"><strong>Pompes hydrauliques<\/strong><\/span><\/td>\n<td width=\"302\"><span style=\"color: #8c9aaa;\">Pour montage sur prise de force<\/span><\/td>\n<\/tr>\n<tr>\n<td width=\"302\"><span style=\"color: #8c9aaa;\"><strong>R\u00e9servoir d\u2019huile<\/strong><\/span><\/td>\n<td width=\"302\"><span style=\"color: #8c9aaa;\">Dans differentes grandeurs<\/span><\/td>\n<\/tr>\n<\/tbody>\n<\/table>\n<p>[\/vc_column_text][\/vc_column_inner][\/vc_row_inner][\/vc_column][\/vc_row][vc_row bg_type=\u00a0\u00bbbg_color\u00a0\u00bb bg_override=\u00a0\u00bbfull\u00a0\u00bb css=\u00a0\u00bb.vc_custom_1551443717327{border-bottom-width: 80px !important;padding-top: 80px !important;}\u00a0\u00bb animation_direction=\u00a0\u00bbleft-animation\u00a0\u00bb animation_repeat=\u00a0\u00bbrepeat\u00a0\u00bb parallax_content_sense=\u00a0\u00bb30&Prime; fadeout_start_effect=\u00a0\u00bb30&Prime; overlay_pattern_opacity=\u00a0\u00bb80&Prime; multi_color_overlay_opacity=\u00a0\u00bb0.6&Prime; seperator_type=\u00a0\u00bbnone_seperator\u00a0\u00bb seperator_position=\u00a0\u00bbtop_seperator\u00a0\u00bb seperator_shape_size=\u00a0\u00bb40&Prime; seperator_svg_height=\u00a0\u00bb60&Prime; seperator_shape_background=\u00a0\u00bb#ffffff\u00a0\u00bb seperator_shape_border=\u00a0\u00bbnone\u00a0\u00bb seperator_shape_border_width=\u00a0\u00bb1&Prime; icon_type=\u00a0\u00bbno_icon\u00a0\u00bb icon_size=\u00a0\u00bb32&Prime; icon_style=\u00a0\u00bbnone\u00a0\u00bb icon_color_border=\u00a0\u00bb#333333&Prime; icon_border_size=\u00a0\u00bb1&Prime; icon_border_radius=\u00a0\u00bb500&Prime; icon_border_spacing=\u00a0\u00bb50&Prime; img_width=\u00a0\u00bb48&Prime; ult_hide_row_large_screen=\u00a0\u00bboff\u00a0\u00bb ult_hide_row_desktop=\u00a0\u00bboff\u00a0\u00bb ult_hide_row_tablet=\u00a0\u00bboff\u00a0\u00bb ult_hide_row_tablet_small=\u00a0\u00bboff\u00a0\u00bb ult_hide_row_mobile=\u00a0\u00bboff\u00a0\u00bb ult_hide_row_mobile_large=\u00a0\u00bboff\u00a0\u00bb bg_color_value=\u00a0\u00bb#eaeaea\u00a0\u00bb][vc_column width=\u00a0\u00bb1\/2&Prime;][vc_column_text]<\/p>\n<h3>Handy Crane Guide<\/h3>\n<p>[\/vc_column_text][vc_column_text]Cliquez ici pour acc\u00e9der au Handy Crane Guide:[\/vc_column_text][vc_row_inner css=\u00a0\u00bb.vc_custom_1551444194140{margin-bottom: 80px !important;}\u00a0\u00bb][vc_column_inner width=\u00a0\u00bb1\/4&Prime;][vc_single_image image=\u00a0\u00bb3818&Prime; img_size=\u00a0\u00bbfull\u00a0\u00bb onclick=\u00a0\u00bbcustom_link\u00a0\u00bb img_link_target=\u00a0\u00bb_blank\u00a0\u00bb link=\u00a0\u00bb\/wp-content\/uploads\/2019\/03\/HandyCrane_Crane-Guide_v16.pdf\u00a0\u00bb][\/vc_column_inner][vc_column_inner width=\u00a0\u00bb3\/4&Prime;][vc_btn title=\u00a0\u00bbGuide\u00a0\u00bb shape=\u00a0\u00bbsquare\u00a0\u00bb color=\u00a0\u00bbdefault\u00a0\u00bb align=\u00a0\u00bbleft\u00a0\u00bb link=\u00a0\u00bburl:%2Fwp-content%2Fuploads%2F2019%2F03%2FHandyCrane_Crane-Guide_v16.pdf||target:%20_blank|\u00a0\u00bb][\/vc_column_inner][\/vc_row_inner][\/vc_column][vc_column width=\u00a0\u00bb1\/2&Prime;][vc_column_text]<\/p>\n<h3>Contact &amp; Conseils<\/h3>\n<p>[\/vc_column_text][vc_column_text]Vous avez des questions sur les produits Handy Crane? Nous nous ferons un plaisir de vous conseiller.[\/vc_column_text][vc_row_inner css=\u00a0\u00bb.vc_custom_1551443190326{padding-bottom: 80px !important;}\u00a0\u00bb][vc_column_inner width=\u00a0\u00bb1\/3&Prime;][vc_btn title=\u00a0\u00bbInterlocuteur\u00a0\u00bb shape=\u00a0\u00bbsquare\u00a0\u00bb color=\u00a0\u00bbdefault\u00a0\u00bb link=\u00a0\u00bburl:https%3A%2F%2Fhaueter-kran.ch%2Ffr%2Fcontact%2F\u00a0\u00bb][vc_empty_space height=\u00a0\u00bb20px\u00a0\u00bb][\/vc_column_inner][vc_column_inner width=\u00a0\u00bb1\/3&Prime;][vc_btn title=\u00a0\u00bbRevendeurs\u00a0\u00bb shape=\u00a0\u00bbsquare\u00a0\u00bb color=\u00a0\u00bbdefault\u00a0\u00bb link=\u00a0\u00bburl:https%3A%2F%2Fhaueter-kran.ch%2Ffr%2Frevendeurs%2F\u00a0\u00bb][vc_empty_space height=\u00a0\u00bb20px\u00a0\u00bb][\/vc_column_inner][vc_column_inner width=\u00a0\u00bb1\/3&Prime;][vc_btn title=\u00a0\u00bb+41 43 477 22 00&Prime; shape=\u00a0\u00bbsquare\u00a0\u00bb color=\u00a0\u00bbjuicy-pink\u00a0\u00bb link=\u00a0\u00bburl:tel%3A%2B41434772200||\u00a0\u00bb][\/vc_column_inner][\/vc_row_inner][\/vc_column][\/vc_row][\/vc_section]<\/p>\n<\/div>","protected":false},"excerpt":{"rendered":"<p>[vc_row full_width=\u00a0\u00bbtrue\u00a0\u00bb bg_type=\u00a0\u00bbno_bg\u00a0\u00bb animation_direction=\u00a0\u00bbleft-animation\u00a0\u00bb animation_repeat=\u00a0\u00bbrepeat\u00a0\u00bb parallax_content_sense=\u00a0\u00bb30&Prime; fadeout_start_effect=\u00a0\u00bb30&Prime; overlay_pattern_opacity=\u00a0\u00bb80&Prime; multi_color_overlay_opacity=\u00a0\u00bb0.6&Prime; seperator_type=\u00a0\u00bbnone_seperator\u00a0\u00bb seperator_position=\u00a0\u00bbtop_seperator\u00a0\u00bb seperator_shape_size=\u00a0\u00bb40&Prime; seperator_svg_height=\u00a0\u00bb60&Prime; seperator_shape_background=\u00a0\u00bb#ffffff\u00a0\u00bb seperator_shape_border=\u00a0\u00bbnone\u00a0\u00bb seperator_shape_border_width=\u00a0\u00bb1&Prime; icon_type=\u00a0\u00bbno_icon\u00a0\u00bb icon_size=\u00a0\u00bb32&Prime; icon_style=\u00a0\u00bbnone\u00a0\u00bb icon_color_border=\u00a0\u00bb#333333&Prime;<\/p>\n","protected":false},"author":1,"featured_media":0,"parent":0,"menu_order":0,"comment_status":"closed","ping_status":"closed","template":"","meta":{"footnotes":""},"class_list":["post-3758","page","type-page","status-publish","hentry"],"aioseo_notices":[],"_links":{"self":[{"href":"https:\/\/haueter-kran.ch\/fr\/wp-json\/wp\/v2\/pages\/3758","targetHints":{"allow":["GET"]}}],"collection":[{"href":"https:\/\/haueter-kran.ch\/fr\/wp-json\/wp\/v2\/pages"}],"about":[{"href":"https:\/\/haueter-kran.ch\/fr\/wp-json\/wp\/v2\/types\/page"}],"author":[{"embeddable":true,"href":"https:\/\/haueter-kran.ch\/fr\/wp-json\/wp\/v2\/users\/1"}],"replies":[{"embeddable":true,"href":"https:\/\/haueter-kran.ch\/fr\/wp-json\/wp\/v2\/comments?post=3758"}],"version-history":[{"count":14,"href":"https:\/\/haueter-kran.ch\/fr\/wp-json\/wp\/v2\/pages\/3758\/revisions"}],"predecessor-version":[{"id":14018,"href":"https:\/\/haueter-kran.ch\/fr\/wp-json\/wp\/v2\/pages\/3758\/revisions\/14018"}],"wp:attachment":[{"href":"https:\/\/haueter-kran.ch\/fr\/wp-json\/wp\/v2\/media?parent=3758"}],"curies":[{"name":"wp","href":"https:\/\/api.w.org\/{rel}","templated":true}]}}