{"id":19504,"date":"2023-08-16T08:39:10","date_gmt":"2023-08-16T08:39:10","guid":{"rendered":"https:\/\/haueter-kran.ch\/?page_id=19504"},"modified":"2023-08-16T08:42:32","modified_gmt":"2023-08-16T08:42:32","slug":"mentions-legales","status":"publish","type":"page","link":"https:\/\/haueter-kran.ch\/fr\/mentions-legales\/","title":{"rendered":"Mentions l\u00e9gales"},"content":{"rendered":"<div class=\"wpb-content-wrapper\"><p>[vc_row animation_direction=\u00a0\u00bbleft-animation\u00a0\u00bb animation_repeat=\u00a0\u00bbrepeat\u00a0\u00bb parallax_content_sense=\u00a0\u00bb30&Prime; fadeout_start_effect=\u00a0\u00bb30&Prime; overlay_pattern_opacity=\u00a0\u00bb80&Prime; multi_color_overlay_opacity=\u00a0\u00bb0.6&Prime; seperator_type=\u00a0\u00bbnone_seperator\u00a0\u00bb seperator_position=\u00a0\u00bbtop_seperator\u00a0\u00bb seperator_shape_size=\u00a0\u00bb40&Prime; seperator_svg_height=\u00a0\u00bb60&Prime; seperator_shape_background=\u00a0\u00bb#ffffff\u00a0\u00bb seperator_shape_border=\u00a0\u00bbnone\u00a0\u00bb seperator_shape_border_width=\u00a0\u00bb1&Prime; icon_type=\u00a0\u00bbno_icon\u00a0\u00bb icon_size=\u00a0\u00bb32&Prime; icon_style=\u00a0\u00bbnone\u00a0\u00bb icon_color_border=\u00a0\u00bb#333333&Prime; icon_border_size=\u00a0\u00bb1&Prime; icon_border_radius=\u00a0\u00bb500&Prime; icon_border_spacing=\u00a0\u00bb50&Prime; img_width=\u00a0\u00bb48&Prime; ult_hide_row_large_screen=\u00a0\u00bboff\u00a0\u00bb ult_hide_row_desktop=\u00a0\u00bboff\u00a0\u00bb ult_hide_row_tablet=\u00a0\u00bboff\u00a0\u00bb ult_hide_row_tablet_small=\u00a0\u00bboff\u00a0\u00bb ult_hide_row_mobile=\u00a0\u00bboff\u00a0\u00bb ult_hide_row_mobile_large=\u00a0\u00bboff\u00a0\u00bb][vc_column][vc_column_text]<\/p>\n<h1>Mentions l\u00e9gales<\/h1>\n<h2>Adresse de contact<\/h2>\n<p>Haueter Kran AG<br \/>\nNeue Winterthurerstrasse 30<br \/>\n8305 Dietlikon<br \/>\nSuisse<br \/>\ninfo@haueter-kran.ch<br \/>\n+41 43 477 22 00<\/p>\n<h2>Personne habilit\u00e9e \u00e0 repr\u00e9senter l&rsquo;entreprise<\/h2>\n<p>Simon Fl\u00fcckiger, pr\u00e9sident du conseil d&rsquo;administration<\/p>\n<h2>Inscription au registre du commerce<\/h2>\n<p>Nom de l&rsquo;entreprise enregistr\u00e9e : Haueter Kran AG<br \/>\nNum\u00e9ro : CHE-110.057.166<\/p>\n<h2>Exclusion de responsabilit\u00e9<\/h2>\n<p>L&rsquo;auteur n&rsquo;assume aucune garantie quant \u00e0 l&rsquo;exactitude, la pr\u00e9cision, l&rsquo;actualit\u00e9, la fiabilit\u00e9 et l&rsquo;exhaustivit\u00e9 du contenu des informations. L&rsquo;auteur ne saurait \u00eatre tenu pour responsable des dommages mat\u00e9riels ou immat\u00e9riels qui pourraient \u00eatre caus\u00e9s par l&rsquo;acc\u00e8s aux informations diffus\u00e9es ou par leur utilisation ou non-utilisation, par le mauvais usage de la connexion ou par des probl\u00e8mes techniques. Toutes les offres sont sans engagement. L&rsquo;auteur se r\u00e9serve express\u00e9ment le droit de modifier, de compl\u00e9ter ou de supprimer des parties de pages ou l&rsquo;ensemble de l&rsquo;offre sans avis pr\u00e9alable, ou d&rsquo;en suspendre temporairement ou d\u00e9finitivement la publication.<\/p>\n<h2>Responsabilit\u00e9 pour les liens<\/h2>\n<p>Les renvois et liens vers des sites web de tiers ne rel\u00e8vent pas de notre responsabilit\u00e9. Nous d\u00e9clinons toute responsabilit\u00e9 pour de tels sites web. L&rsquo;acc\u00e8s \u00e0 de tels sites et leur utilisation se font aux risques et p\u00e9rils de l&rsquo;utilisateur ou de l&rsquo;utilisatrice.<\/p>\n<h2>Droits d&rsquo;auteur<\/h2>\n<p>Les droits d&rsquo;auteur et tous les autres droits li\u00e9s aux contenus, images, photos ou autres fichiers pr\u00e9sents sur le site Internet appartiennent exclusivement \u00e0 la soci\u00e9t\u00e9 Haueter Kran AG ou aux titulaires de droits sp\u00e9cialement cit\u00e9s. L&rsquo;autorisation \u00e9crite des d\u00e9tenteurs des droits d&rsquo;auteur doit \u00eatre obtenue au pr\u00e9alable pour la reproduction de tout \u00e9l\u00e9ment.<\/p>\n<h2>Source<\/h2>\n<p>Ces mentions l\u00e9gales ont \u00e9t\u00e9 cr\u00e9\u00e9es le 9 octobre 2018 avec le g\u00e9n\u00e9rateur de mentions l\u00e9gales de l&rsquo;agence de design web Webk\u00f6nig. L&rsquo;agence <a href=\"https:\/\/onebyte.ch\" target=\"_blank\" rel=\"noopener\">Onebyte AG<\/a> d\u00e9cline toute responsabilit\u00e9.[\/vc_column_text][\/vc_column][\/vc_row]<\/p>\n<\/div>","protected":false},"excerpt":{"rendered":"<p>[vc_row animation_direction=\u00a0\u00bbleft-animation\u00a0\u00bb animation_repeat=\u00a0\u00bbrepeat\u00a0\u00bb parallax_content_sense=\u00a0\u00bb30&Prime; fadeout_start_effect=\u00a0\u00bb30&Prime; overlay_pattern_opacity=\u00a0\u00bb80&Prime; multi_color_overlay_opacity=\u00a0\u00bb0.6&Prime; seperator_type=\u00a0\u00bbnone_seperator\u00a0\u00bb seperator_position=\u00a0\u00bbtop_seperator\u00a0\u00bb seperator_shape_size=\u00a0\u00bb40&Prime; seperator_svg_height=\u00a0\u00bb60&Prime; seperator_shape_background=\u00a0\u00bb#ffffff\u00a0\u00bb seperator_shape_border=\u00a0\u00bbnone\u00a0\u00bb seperator_shape_border_width=\u00a0\u00bb1&Prime; icon_type=\u00a0\u00bbno_icon\u00a0\u00bb icon_size=\u00a0\u00bb32&Prime; icon_style=\u00a0\u00bbnone\u00a0\u00bb icon_color_border=\u00a0\u00bb#333333&Prime; icon_border_size=\u00a0\u00bb1&Prime; icon_border_radius=\u00a0\u00bb500&Prime;<\/p>\n","protected":false},"author":1,"featured_media":0,"parent":0,"menu_order":0,"comment_status":"closed","ping_status":"closed","template":"","meta":{"footnotes":""},"class_list":["post-19504","page","type-page","status-publish","hentry"],"aioseo_notices":[],"_links":{"self":[{"href":"https:\/\/haueter-kran.ch\/fr\/wp-json\/wp\/v2\/pages\/19504","targetHints":{"allow":["GET"]}}],"collection":[{"href":"https:\/\/haueter-kran.ch\/fr\/wp-json\/wp\/v2\/pages"}],"about":[{"href":"https:\/\/haueter-kran.ch\/fr\/wp-json\/wp\/v2\/types\/page"}],"author":[{"embeddable":true,"href":"https:\/\/haueter-kran.ch\/fr\/wp-json\/wp\/v2\/users\/1"}],"replies":[{"embeddable":true,"href":"https:\/\/haueter-kran.ch\/fr\/wp-json\/wp\/v2\/comments?post=19504"}],"version-history":[{"count":4,"href":"https:\/\/haueter-kran.ch\/fr\/wp-json\/wp\/v2\/pages\/19504\/revisions"}],"predecessor-version":[{"id":19510,"href":"https:\/\/haueter-kran.ch\/fr\/wp-json\/wp\/v2\/pages\/19504\/revisions\/19510"}],"wp:attachment":[{"href":"https:\/\/haueter-kran.ch\/fr\/wp-json\/wp\/v2\/media?parent=19504"}],"curies":[{"name":"wp","href":"https:\/\/api.w.org\/{rel}","templated":true}]}}